{"id":24,"date":"2012-07-27T11:50:17","date_gmt":"2012-07-27T09:50:17","guid":{"rendered":"http:\/\/kristinakuenzel.de.dd17308.kasserver.com\/kristina\/wordpress\/?page_id=24"},"modified":"2018-05-24T15:17:09","modified_gmt":"2018-05-24T13:17:09","slug":"kontakt","status":"publish","type":"page","link":"https:\/\/grafik.kristinakuenzel.de\/?page_id=24","title":{"rendered":"Kontakt"},"content":{"rendered":"<p>Kristina K\u00fcnzel<br \/>\nHauptstra\u00dfe 52<br \/>\n21259 Otter<\/p>\n<p>Fon 0176 62709432<\/p>\n<p>mail (\u00e4tt) kristinakuenzel.de<br \/>\nwww.kristinakuenzel.de<\/p>\n","protected":false},"excerpt":{"rendered":"<p>Kristina K\u00fcnzel Hauptstra\u00dfe 52 21259 Otter Fon 0176 62709432 mail (\u00e4tt) kristinakuenzel.de www.kristinakuenzel.de<\/p>\n","protected":false},"author":1,"featured_media":0,"parent":0,"menu_order":3,"comment_status":"closed","ping_status":"closed","template":"","meta":{"footnotes":""},"class_list":["post-24","page","type-page","status-publish","hentry"],"_links":{"self":[{"href":"https:\/\/grafik.kristinakuenzel.de\/index.php?rest_route=\/wp\/v2\/pages\/24","targetHints":{"allow":["GET"]}}],"collection":[{"href":"https:\/\/grafik.kristinakuenzel.de\/index.php?rest_route=\/wp\/v2\/pages"}],"about":[{"href":"https:\/\/grafik.kristinakuenzel.de\/index.php?rest_route=\/wp\/v2\/types\/page"}],"author":[{"embeddable":true,"href":"https:\/\/grafik.kristinakuenzel.de\/index.php?rest_route=\/wp\/v2\/users\/1"}],"replies":[{"embeddable":true,"href":"https:\/\/grafik.kristinakuenzel.de\/index.php?rest_route=%2Fwp%2Fv2%2Fcomments&post=24"}],"version-history":[{"count":6,"href":"https:\/\/grafik.kristinakuenzel.de\/index.php?rest_route=\/wp\/v2\/pages\/24\/revisions"}],"predecessor-version":[{"id":179,"href":"https:\/\/grafik.kristinakuenzel.de\/index.php?rest_route=\/wp\/v2\/pages\/24\/revisions\/179"}],"wp:attachment":[{"href":"https:\/\/grafik.kristinakuenzel.de\/index.php?rest_route=%2Fwp%2Fv2%2Fmedia&parent=24"}],"curies":[{"name":"wp","href":"https:\/\/api.w.org\/{rel}","templated":true}]}}